{"id":122371,"date":"2020-09-04T12:30:43","date_gmt":"2020-09-04T10:30:43","guid":{"rendered":"https:\/\/www.granitrh.com\/contact\/contact-lyon\/"},"modified":"2020-09-14T17:09:03","modified_gmt":"2020-09-14T15:09:03","slug":"contact-lyon","status":"publish","type":"page","link":"https:\/\/www.granitrh.com\/en\/contact\/contact-lyon\/","title":{"rendered":"Contact Lyon"},"content":{"rendered":"<div class=\"wpb-content-wrapper\"><p>[vc_row content_placement=&#8221;middle&#8221;][vc_column]<div class=\"ult-spacer spacer-69fec05d72314\" data-id=\"69fec05d72314\" data-height=\"50\" data-height-mobile=\"50\" data-height-tab=\"50\" data-height-tab-portrait=\"\" data-height-mobile-landscape=\"\" style=\"clear:both;display:block;\"><\/div><div id=\"ultimate-heading-885069fec05d72386\" class=\"uvc-heading ult-adjust-bottom-margin ultimate-heading-885069fec05d72386 uvc-5816 \" data-hspacer=\"no_spacer\"  data-halign=\"center\" style=\"text-align:center\"><div class=\"uvc-heading-spacer no_spacer\" style=\"top\"><\/div><div class=\"uvc-main-heading ult-responsive\"  data-ultimate-target='.uvc-heading.ultimate-heading-885069fec05d72386 h1'  data-responsive-json-new='{\"font-size\":\"\",\"line-height\":\"\"}' ><h1 style=\"font-weight:normal;\">CONTACT LYON<\/h1><\/div><\/div><div class=\"ult-spacer spacer-69fec05d723cb\" data-id=\"69fec05d723cb\" data-height=\"30\" data-height-mobile=\"30\" data-height-tab=\"30\" data-height-tab-portrait=\"\" data-height-mobile-landscape=\"\" style=\"clear:both;display:block;\"><\/div>[\/vc_column][\/vc_row][vc_row content_placement=&#8221;middle&#8221;][vc_column][vc_row_inner][vc_column_inner width=&#8221;1\/2&#8243;][vc_column_text]<\/p>\n<p style=\"text-align: left;\"><strong><img loading=\"lazy\" decoding=\"async\" class=\"alignright wp-image-120013\" src=\"https:\/\/i0.wp.com\/www.granitrh.com\/wp-content\/uploads\/2020\/01\/logo-granit-flecheentrant.png?resize=100%2C100&#038;ssl=1\" alt=\"\" width=\"100\" height=\"100\" srcset=\"https:\/\/i0.wp.com\/www.granitrh.com\/wp-content\/uploads\/2020\/01\/logo-granit-flecheentrant.png?resize=150%2C150&amp;ssl=1 150w, https:\/\/i0.wp.com\/www.granitrh.com\/wp-content\/uploads\/2020\/01\/logo-granit-flecheentrant.png?resize=300%2C300&amp;ssl=1 300w, https:\/\/i0.wp.com\/www.granitrh.com\/wp-content\/uploads\/2020\/01\/logo-granit-flecheentrant.png?w=458&amp;ssl=1 458w\" sizes=\"(max-width: 100px) 100vw, 100px\" data-recalc-dims=\"1\" \/>GRANIT RH<\/strong><br \/>\n3 rue de la Barre<br \/>\n69002 Lyon<br \/>\n<a href=\"tel:+33472400141\">T\u00e9l.\u00a004.72.40.01.41<\/a><\/p>\n<p>[\/vc_column_text]<div class=\"ult-spacer spacer-69fec05d723f2\" data-id=\"69fec05d723f2\" data-height=\"30\" data-height-mobile=\"30\" data-height-tab=\"30\" data-height-tab-portrait=\"\" data-height-mobile-landscape=\"\" style=\"clear:both;display:block;\"><\/div>[vc_gmaps link=&#8221;#E-8_JTNDaWZyYW1lJTIwc3JjJTNEJTIyaHR0cHMlM0ElMkYlMkZ3d3cuZ29vZ2xlLmNvbSUyRm1hcHMlMkZlbWJlZCUzRnBiJTNEJTIxMW0xNCUyMTFtOCUyMTFtMyUyMTFkNTU2Ny4zMzExNTIzMDUyMSUyMTJkNC44MzUwMzMlMjEzZDQ1Ljc1Nzg1JTIxM20yJTIxMWkxMDI0JTIxMmk3NjglMjE0ZjEzLjElMjEzbTMlMjExbTIlMjExczB4NDdmNGVhNTE2YWY1ODQ5MSUyNTNBMHg0YjdjZjcwZDBlNGM0OTUxJTIxMnMzJTJCUnVlJTJCZGUlMkJsYSUyQkJhcnJlJTI1MkMlMkI2OTAwMiUyQkx5b24lMjUyQyUyQkZyYW5jZSUyMTVlMCUyMTNtMiUyMTFzZnIlMjEyc2ZyJTIxNHYxNDU2ODU0NDcyODYzJTIyJTIwd2lkdGglM0QlMjI2MDAlMjIlMjBoZWlnaHQlM0QlMjI0NTAlMjIlMjBmcmFtZWJvcmRlciUzRCUyMjAlMjIlMjBzdHlsZSUzRCUyMmJvcmRlciUzQTAlMjIlMjBhbGxvd2Z1bGxzY3JlZW4lM0UlM0MlMkZpZnJhbWUlM0U=&#8221;][\/vc_column_inner][vc_column_inner width=&#8221;1\/2&#8243;]\n<div class=\"wpcf7 no-js\" id=\"wpcf7-f106929-o1\" lang=\"fr-FR\" dir=\"ltr\">\n<div class=\"screen-reader-response\"><p role=\"status\" aria-live=\"polite\" aria-atomic=\"true\"><\/p> <ul><\/ul><\/div>\n<form action=\"\/en\/wp-json\/wp\/v2\/pages\/122371#wpcf7-f106929-o1\" method=\"post\" class=\"wpcf7-form init\" aria-label=\"Formulaire de contact\" novalidate=\"novalidate\" data-status=\"init\">\n<div style=\"display: none;\">\n<input type=\"hidden\" name=\"_wpcf7\" value=\"106929\" \/>\n<input type=\"hidden\" name=\"_wpcf7_version\" value=\"5.9.6\" \/>\n<input type=\"hidden\" name=\"_wpcf7_locale\" value=\"fr_FR\" \/>\n<input type=\"hidden\" name=\"_wpcf7_unit_tag\" value=\"wpcf7-f106929-o1\" \/>\n<input type=\"hidden\" name=\"_wpcf7_container_post\" value=\"0\" \/>\n<input type=\"hidden\" name=\"_wpcf7_posted_data_hash\" value=\"\" \/>\n<\/div>\n<p><label> Votre nom et pr\u00e9nom (obligatoire)<br \/>\n<span class=\"wpcf7-form-control-wrap\" data-name=\"your-name\"><input size=\"40\" maxlength=\"80\" class=\"wpcf7-form-control wpcf7-text wpcf7-validates-as-required\" aria-required=\"true\" aria-invalid=\"false\" value=\"\" type=\"text\" name=\"your-name\" \/><\/span> <\/label>\n<\/p>\n<p><label> Votre e mail (obligatoire)<br \/>\n<span class=\"wpcf7-form-control-wrap\" data-name=\"your-email\"><input size=\"40\" maxlength=\"80\" class=\"wpcf7-form-control wpcf7-email wpcf7-validates-as-required wpcf7-text wpcf7-validates-as-email\" aria-required=\"true\" aria-invalid=\"false\" value=\"\" type=\"email\" name=\"your-email\" \/><\/span> <\/label>\n<\/p>\n<p><label> Objet<br \/>\n<span class=\"wpcf7-form-control-wrap\" data-name=\"your-subject\"><input size=\"40\" maxlength=\"80\" class=\"wpcf7-form-control wpcf7-text\" aria-invalid=\"false\" value=\"\" type=\"text\" name=\"your-subject\" \/><\/span> <\/label>\n<\/p>\n<p><label> Votre message<br \/>\n<span class=\"wpcf7-form-control-wrap\" data-name=\"your-message\"><textarea cols=\"40\" rows=\"10\" maxlength=\"400\" class=\"wpcf7-form-control wpcf7-textarea\" aria-invalid=\"false\" name=\"your-message\"><\/textarea><\/span> <\/label>\n<\/p>\n<p><label> <span class=\"wpcf7-form-control-wrap\" data-name=\"acceptance\"><span class=\"wpcf7-form-control wpcf7-acceptance\"><span class=\"wpcf7-list-item\"><label><input type=\"checkbox\" name=\"acceptance\" value=\"1\" aria-invalid=\"false\" \/><span class=\"wpcf7-list-item-label\">En soumettant ce formulaire, j'accepte que les informations saisies dans ce formulaire soient utilis\u00e9es, exploit\u00e9es, trait\u00e9es pour permettre de me recontacter, dans le cadre de la relation qui d\u00e9coule de cette demande d'informations ou de mise en relation.<\/span><\/label><\/span><\/span><\/span><br \/>\n<\/label>\n<\/p>\n<p><input class=\"wpcf7-form-control wpcf7-submit has-spinner\" type=\"submit\" value=\"Envoyer\" \/>\n<\/p><div class=\"wpcf7-response-output\" aria-hidden=\"true\"><\/div>\n<\/form>\n<\/div>\n[\/vc_column_inner][\/vc_row_inner][\/vc_column][\/vc_row]<\/p>\n<\/div>","protected":false},"excerpt":{"rendered":"<p>[vc_row content_placement=&#8221;middle&#8221;][vc_column][\/vc_column][\/vc_row][vc_row content_placement=&#8221;middle&#8221;][vc_column][vc_row_inner][vc_column_inner width=&#8221;1\/2&#8243;][vc_column_text] GRANIT RH 3 rue de la Barre 69002 Lyon T\u00e9l.\u00a004.72.40.01.41 [\/vc_column_text][vc_gmaps link=&#8221;#E-8_JTNDaWZyYW1lJTIwc3JjJTNEJTIyaHR0cHMlM0ElMkYlMkZ3d3cuZ29vZ2xlLmNvbSUyRm1hcHMlMkZlbWJlZCUzRnBiJTNEJTIxMW0xNCUyMTFtOCUyMTFtMyUyMTFkNTU2Ny4zMzExNTIzMDUyMSUyMTJkNC44MzUwMzMlMjEzZDQ1Ljc1Nzg1JTIxM20yJTIxMWkxMDI0JTIxMmk3NjglMjE0ZjEzLjElMjEzbTMlMjExbTIlMjExczB4NDdmNGVhNTE2YWY1ODQ5MSUyNTNBMHg0YjdjZjcwZDBlNGM0OTUxJTIxMnMzJTJCUnVlJTJCZGUlMkJsYSUyQkJhcnJlJTI1MkMlMkI2OTAwMiUyQkx5b24lMjUyQyUyQkZyYW5jZSUyMTVlMCUyMTNtMiUyMTFzZnIlMjEyc2ZyJTIxNHYxNDU2ODU0NDcyODYzJTIyJTIwd2lkdGglM0QlMjI2MDAlMjIlMjBoZWlnaHQlM0QlMjI0NTAlMjIlMjBmcmFtZWJvcmRlciUzRCUyMjAlMjIlMjBzdHlsZSUzRCUyMmJvcmRlciUzQTAlMjIlMjBhbGxvd2Z1bGxzY3JlZW4lM0UlM0MlMkZpZnJhbWUlM0U=&#8221;][\/vc_column_inner][vc_column_inner width=&#8221;1\/2&#8243;][\/vc_column_inner][\/vc_row_inner][\/vc_column][\/vc_row]<\/p>\n","protected":false},"author":1,"featured_media":120249,"parent":122277,"menu_order":0,"comment_status":"closed","ping_status":"closed","template":"","meta":{"_uag_custom_page_level_css":"","footnotes":""},"yoast_head":"<!-- This site is optimized with the Yoast SEO plugin v24.5 - https:\/\/yoast.com\/wordpress\/plugins\/seo\/ -->\n<title>LYON<\/title>\n<meta name=\"robots\" content=\"index, follow, max-snippet:-1, max-image-preview:large, max-video-preview:-1\" \/>\n<link rel=\"canonical\" href=\"https:\/\/www.granitrh.com\/en\/contact\/contact-lyon\/\" \/>\n<meta property=\"og:locale\" content=\"en_US\" \/>\n<meta property=\"og:type\" content=\"article\" \/>\n<meta property=\"og:title\" content=\"LYON\" \/>\n<meta property=\"og:description\" content=\"[vc_row content_placement=&#8221;middle&#8221;][vc_column][\/vc_column][\/vc_row][vc_row content_placement=&#8221;middle&#8221;][vc_column][vc_row_inner][vc_column_inner width=&#8221;1\/2&#8243;][vc_column_text] GRANIT RH 3 rue de la Barre 69002 Lyon T\u00e9l.\u00a004.72.40.01.41 [\/vc_column_text][vc_gmaps link=&#8221;#E-8_JTNDaWZyYW1lJTIwc3JjJTNEJTIyaHR0cHMlM0ElMkYlMkZ3d3cuZ29vZ2xlLmNvbSUyRm1hcHMlMkZlbWJlZCUzRnBiJTNEJTIxMW0xNCUyMTFtOCUyMTFtMyUyMTFkNTU2Ny4zMzExNTIzMDUyMSUyMTJkNC44MzUwMzMlMjEzZDQ1Ljc1Nzg1JTIxM20yJTIxMWkxMDI0JTIxMmk3NjglMjE0ZjEzLjElMjEzbTMlMjExbTIlMjExczB4NDdmNGVhNTE2YWY1ODQ5MSUyNTNBMHg0YjdjZjcwZDBlNGM0OTUxJTIxMnMzJTJCUnVlJTJCZGUlMkJsYSUyQkJhcnJlJTI1MkMlMkI2OTAwMiUyQkx5b24lMjUyQyUyQkZyYW5jZSUyMTVlMCUyMTNtMiUyMTFzZnIlMjEyc2ZyJTIxNHYxNDU2ODU0NDcyODYzJTIyJTIwd2lkdGglM0QlMjI2MDAlMjIlMjBoZWlnaHQlM0QlMjI0NTAlMjIlMjBmcmFtZWJvcmRlciUzRCUyMjAlMjIlMjBzdHlsZSUzRCUyMmJvcmRlciUzQTAlMjIlMjBhbGxvd2Z1bGxzY3JlZW4lM0UlM0MlMkZpZnJhbWUlM0U=&#8221;][\/vc_column_inner][vc_column_inner width=&#8221;1\/2&#8243;][\/vc_column_inner][\/vc_row_inner][\/vc_column][\/vc_row]\" \/>\n<meta property=\"og:url\" content=\"https:\/\/www.granitrh.com\/en\/contact\/contact-lyon\/\" \/>\n<meta property=\"og:site_name\" content=\"GranitRH\" \/>\n<meta property=\"article:publisher\" content=\"https:\/\/www.facebook.com\/GranitRH\" \/>\n<meta property=\"article:modified_time\" content=\"2020-09-14T15:09:03+00:00\" \/>\n<meta property=\"og:image\" content=\"https:\/\/i0.wp.com\/www.granitrh.com\/wp-content\/uploads\/2020\/01\/AdobeStock_248624818-opt.jpg?fit=2500%2C624&ssl=1\" \/>\n\t<meta property=\"og:image:width\" content=\"2500\" \/>\n\t<meta property=\"og:image:height\" content=\"624\" \/>\n\t<meta property=\"og:image:type\" content=\"image\/jpeg\" \/>\n<meta name=\"twitter:card\" content=\"summary_large_image\" \/>\n<meta name=\"twitter:label1\" content=\"Est. reading time\" \/>\n\t<meta name=\"twitter:data1\" content=\"1 minute\" \/>\n<script type=\"application\/ld+json\" class=\"yoast-schema-graph\">{\"@context\":\"https:\/\/schema.org\",\"@graph\":[{\"@type\":\"WebPage\",\"@id\":\"https:\/\/www.granitrh.com\/en\/contact\/contact-lyon\/\",\"url\":\"https:\/\/www.granitrh.com\/en\/contact\/contact-lyon\/\",\"name\":\"LYON\",\"isPartOf\":{\"@id\":\"https:\/\/www.granitrh.com\/#website\"},\"primaryImageOfPage\":{\"@id\":\"https:\/\/www.granitrh.com\/en\/contact\/contact-lyon\/#primaryimage\"},\"image\":{\"@id\":\"https:\/\/www.granitrh.com\/en\/contact\/contact-lyon\/#primaryimage\"},\"thumbnailUrl\":\"https:\/\/i0.wp.com\/www.granitrh.com\/wp-content\/uploads\/2020\/01\/AdobeStock_248624818-opt.jpg?fit=2500%2C624&ssl=1\",\"datePublished\":\"2020-09-04T10:30:43+00:00\",\"dateModified\":\"2020-09-14T15:09:03+00:00\",\"breadcrumb\":{\"@id\":\"https:\/\/www.granitrh.com\/en\/contact\/contact-lyon\/#breadcrumb\"},\"inLanguage\":\"en-US\",\"potentialAction\":[{\"@type\":\"ReadAction\",\"target\":[\"https:\/\/www.granitrh.com\/en\/contact\/contact-lyon\/\"]}]},{\"@type\":\"ImageObject\",\"inLanguage\":\"en-US\",\"@id\":\"https:\/\/www.granitrh.com\/en\/contact\/contact-lyon\/#primaryimage\",\"url\":\"https:\/\/i0.wp.com\/www.granitrh.com\/wp-content\/uploads\/2020\/01\/AdobeStock_248624818-opt.jpg?fit=2500%2C624&ssl=1\",\"contentUrl\":\"https:\/\/i0.wp.com\/www.granitrh.com\/wp-content\/uploads\/2020\/01\/AdobeStock_248624818-opt.jpg?fit=2500%2C624&ssl=1\",\"width\":2500,\"height\":624},{\"@type\":\"BreadcrumbList\",\"@id\":\"https:\/\/www.granitrh.com\/en\/contact\/contact-lyon\/#breadcrumb\",\"itemListElement\":[{\"@type\":\"ListItem\",\"position\":1,\"name\":\"Accueil\",\"item\":\"https:\/\/www.granitrh.com\/en\/\"},{\"@type\":\"ListItem\",\"position\":2,\"name\":\"Contact\",\"item\":\"https:\/\/www.granitrh.com\/en\/contact\/\"},{\"@type\":\"ListItem\",\"position\":3,\"name\":\"Contact Lyon\"}]},{\"@type\":\"WebSite\",\"@id\":\"https:\/\/www.granitrh.com\/#website\",\"url\":\"https:\/\/www.granitrh.com\/\",\"name\":\"GranitRH\",\"description\":\"Sp\u00e9cialiste du recrutement sur Paris et Lyon\",\"publisher\":{\"@id\":\"https:\/\/www.granitrh.com\/#organization\"},\"potentialAction\":[{\"@type\":\"SearchAction\",\"target\":{\"@type\":\"EntryPoint\",\"urlTemplate\":\"https:\/\/www.granitrh.com\/?s={search_term_string}\"},\"query-input\":{\"@type\":\"PropertyValueSpecification\",\"valueRequired\":true,\"valueName\":\"search_term_string\"}}],\"inLanguage\":\"en-US\"},{\"@type\":\"Organization\",\"@id\":\"https:\/\/www.granitrh.com\/#organization\",\"name\":\"GRANIT RH\",\"url\":\"https:\/\/www.granitrh.com\/\",\"logo\":{\"@type\":\"ImageObject\",\"inLanguage\":\"en-US\",\"@id\":\"https:\/\/www.granitrh.com\/#\/schema\/logo\/image\/\",\"url\":\"https:\/\/i0.wp.com\/www.granitrh.com\/wp-content\/uploads\/2020\/03\/logo-granitrh-recrutement-search-1.png?fit=300%2C115&ssl=1\",\"contentUrl\":\"https:\/\/i0.wp.com\/www.granitrh.com\/wp-content\/uploads\/2020\/03\/logo-granitrh-recrutement-search-1.png?fit=300%2C115&ssl=1\",\"width\":300,\"height\":115,\"caption\":\"GRANIT RH\"},\"image\":{\"@id\":\"https:\/\/www.granitrh.com\/#\/schema\/logo\/image\/\"},\"sameAs\":[\"https:\/\/www.facebook.com\/GranitRH\",\"https:\/\/www.linkedin.com\/company\/granit-rh\",\"https:\/\/www.youtube.com\/channel\/UCYr8-Bl9W8VxOlUXC2Ow6Kg\"]}]}<\/script>\n<!-- \/ Yoast SEO plugin. -->","yoast_head_json":{"title":"LYON","robots":{"index":"index","follow":"follow","max-snippet":"max-snippet:-1","max-image-preview":"max-image-preview:large","max-video-preview":"max-video-preview:-1"},"canonical":"https:\/\/www.granitrh.com\/en\/contact\/contact-lyon\/","og_locale":"en_US","og_type":"article","og_title":"LYON","og_description":"[vc_row content_placement=&#8221;middle&#8221;][vc_column][\/vc_column][\/vc_row][vc_row content_placement=&#8221;middle&#8221;][vc_column][vc_row_inner][vc_column_inner width=&#8221;1\/2&#8243;][vc_column_text] GRANIT RH 3 rue de la Barre 69002 Lyon T\u00e9l.\u00a004.72.40.01.41 [\/vc_column_text][vc_gmaps link=&#8221;#E-8_JTNDaWZyYW1lJTIwc3JjJTNEJTIyaHR0cHMlM0ElMkYlMkZ3d3cuZ29vZ2xlLmNvbSUyRm1hcHMlMkZlbWJlZCUzRnBiJTNEJTIxMW0xNCUyMTFtOCUyMTFtMyUyMTFkNTU2Ny4zMzExNTIzMDUyMSUyMTJkNC44MzUwMzMlMjEzZDQ1Ljc1Nzg1JTIxM20yJTIxMWkxMDI0JTIxMmk3NjglMjE0ZjEzLjElMjEzbTMlMjExbTIlMjExczB4NDdmNGVhNTE2YWY1ODQ5MSUyNTNBMHg0YjdjZjcwZDBlNGM0OTUxJTIxMnMzJTJCUnVlJTJCZGUlMkJsYSUyQkJhcnJlJTI1MkMlMkI2OTAwMiUyQkx5b24lMjUyQyUyQkZyYW5jZSUyMTVlMCUyMTNtMiUyMTFzZnIlMjEyc2ZyJTIxNHYxNDU2ODU0NDcyODYzJTIyJTIwd2lkdGglM0QlMjI2MDAlMjIlMjBoZWlnaHQlM0QlMjI0NTAlMjIlMjBmcmFtZWJvcmRlciUzRCUyMjAlMjIlMjBzdHlsZSUzRCUyMmJvcmRlciUzQTAlMjIlMjBhbGxvd2Z1bGxzY3JlZW4lM0UlM0MlMkZpZnJhbWUlM0U=&#8221;][\/vc_column_inner][vc_column_inner width=&#8221;1\/2&#8243;][\/vc_column_inner][\/vc_row_inner][\/vc_column][\/vc_row]","og_url":"https:\/\/www.granitrh.com\/en\/contact\/contact-lyon\/","og_site_name":"GranitRH","article_publisher":"https:\/\/www.facebook.com\/GranitRH","article_modified_time":"2020-09-14T15:09:03+00:00","og_image":[{"width":2500,"height":624,"url":"https:\/\/i0.wp.com\/www.granitrh.com\/wp-content\/uploads\/2020\/01\/AdobeStock_248624818-opt.jpg?fit=2500%2C624&ssl=1","type":"image\/jpeg"}],"twitter_card":"summary_large_image","twitter_misc":{"Est. reading time":"1 minute"},"schema":{"@context":"https:\/\/schema.org","@graph":[{"@type":"WebPage","@id":"https:\/\/www.granitrh.com\/en\/contact\/contact-lyon\/","url":"https:\/\/www.granitrh.com\/en\/contact\/contact-lyon\/","name":"LYON","isPartOf":{"@id":"https:\/\/www.granitrh.com\/#website"},"primaryImageOfPage":{"@id":"https:\/\/www.granitrh.com\/en\/contact\/contact-lyon\/#primaryimage"},"image":{"@id":"https:\/\/www.granitrh.com\/en\/contact\/contact-lyon\/#primaryimage"},"thumbnailUrl":"https:\/\/i0.wp.com\/www.granitrh.com\/wp-content\/uploads\/2020\/01\/AdobeStock_248624818-opt.jpg?fit=2500%2C624&ssl=1","datePublished":"2020-09-04T10:30:43+00:00","dateModified":"2020-09-14T15:09:03+00:00","breadcrumb":{"@id":"https:\/\/www.granitrh.com\/en\/contact\/contact-lyon\/#breadcrumb"},"inLanguage":"en-US","potentialAction":[{"@type":"ReadAction","target":["https:\/\/www.granitrh.com\/en\/contact\/contact-lyon\/"]}]},{"@type":"ImageObject","inLanguage":"en-US","@id":"https:\/\/www.granitrh.com\/en\/contact\/contact-lyon\/#primaryimage","url":"https:\/\/i0.wp.com\/www.granitrh.com\/wp-content\/uploads\/2020\/01\/AdobeStock_248624818-opt.jpg?fit=2500%2C624&ssl=1","contentUrl":"https:\/\/i0.wp.com\/www.granitrh.com\/wp-content\/uploads\/2020\/01\/AdobeStock_248624818-opt.jpg?fit=2500%2C624&ssl=1","width":2500,"height":624},{"@type":"BreadcrumbList","@id":"https:\/\/www.granitrh.com\/en\/contact\/contact-lyon\/#breadcrumb","itemListElement":[{"@type":"ListItem","position":1,"name":"Accueil","item":"https:\/\/www.granitrh.com\/en\/"},{"@type":"ListItem","position":2,"name":"Contact","item":"https:\/\/www.granitrh.com\/en\/contact\/"},{"@type":"ListItem","position":3,"name":"Contact Lyon"}]},{"@type":"WebSite","@id":"https:\/\/www.granitrh.com\/#website","url":"https:\/\/www.granitrh.com\/","name":"GranitRH","description":"Sp\u00e9cialiste du recrutement sur Paris et Lyon","publisher":{"@id":"https:\/\/www.granitrh.com\/#organization"},"potentialAction":[{"@type":"SearchAction","target":{"@type":"EntryPoint","urlTemplate":"https:\/\/www.granitrh.com\/?s={search_term_string}"},"query-input":{"@type":"PropertyValueSpecification","valueRequired":true,"valueName":"search_term_string"}}],"inLanguage":"en-US"},{"@type":"Organization","@id":"https:\/\/www.granitrh.com\/#organization","name":"GRANIT RH","url":"https:\/\/www.granitrh.com\/","logo":{"@type":"ImageObject","inLanguage":"en-US","@id":"https:\/\/www.granitrh.com\/#\/schema\/logo\/image\/","url":"https:\/\/i0.wp.com\/www.granitrh.com\/wp-content\/uploads\/2020\/03\/logo-granitrh-recrutement-search-1.png?fit=300%2C115&ssl=1","contentUrl":"https:\/\/i0.wp.com\/www.granitrh.com\/wp-content\/uploads\/2020\/03\/logo-granitrh-recrutement-search-1.png?fit=300%2C115&ssl=1","width":300,"height":115,"caption":"GRANIT RH"},"image":{"@id":"https:\/\/www.granitrh.com\/#\/schema\/logo\/image\/"},"sameAs":["https:\/\/www.facebook.com\/GranitRH","https:\/\/www.linkedin.com\/company\/granit-rh","https:\/\/www.youtube.com\/channel\/UCYr8-Bl9W8VxOlUXC2Ow6Kg"]}]}},"jetpack_sharing_enabled":true,"uagb_featured_image_src":{"full":["https:\/\/i0.wp.com\/www.granitrh.com\/wp-content\/uploads\/2020\/01\/AdobeStock_248624818-opt.jpg?fit=2500%2C624&ssl=1",2500,624,false],"thumbnail":["https:\/\/i0.wp.com\/www.granitrh.com\/wp-content\/uploads\/2020\/01\/AdobeStock_248624818-opt.jpg?resize=150%2C150&ssl=1",150,150,true],"medium":["https:\/\/i0.wp.com\/www.granitrh.com\/wp-content\/uploads\/2020\/01\/AdobeStock_248624818-opt.jpg?fit=300%2C75&ssl=1",300,75,true],"medium_large":["https:\/\/i0.wp.com\/www.granitrh.com\/wp-content\/uploads\/2020\/01\/AdobeStock_248624818-opt.jpg?fit=2500%2C624&ssl=1",2500,624,true],"large":["https:\/\/i0.wp.com\/www.granitrh.com\/wp-content\/uploads\/2020\/01\/AdobeStock_248624818-opt.jpg?fit=1024%2C256&ssl=1",1024,256,true],"1536x1536":["https:\/\/i0.wp.com\/www.granitrh.com\/wp-content\/uploads\/2020\/01\/AdobeStock_248624818-opt.jpg?fit=1536%2C383&ssl=1",1536,383,true],"2048x2048":["https:\/\/i0.wp.com\/www.granitrh.com\/wp-content\/uploads\/2020\/01\/AdobeStock_248624818-opt.jpg?fit=2048%2C511&ssl=1",2048,511,true],"granit-rh-2020-featured":["https:\/\/i0.wp.com\/www.granitrh.com\/wp-content\/uploads\/2020\/01\/AdobeStock_248624818-opt.jpg?resize=1920%2C480&ssl=1",1920,480,true]},"uagb_author_info":{"display_name":"admin-granit","author_link":"https:\/\/www.granitrh.com\/en\/author\/admin-granit\/"},"uagb_comment_info":0,"uagb_excerpt":"[vc_row content_placement=&#8221;middle&#8221;][vc_column][\/vc_column][\/vc_row][vc_row content_placement=&#8221;middle&#8221;][vc_column][vc_row_inner][vc_column_inner width=&#8221;1\/2&#8243;][vc_column_text] GRANIT RH 3 rue de la Barre 69002 Lyon T\u00e9l.\u00a004.72.40.01.41 [\/vc_column_text][vc_gmaps link=&#8221;#E-8_JTNDaWZyYW1lJTIwc3JjJTNEJTIyaHR0cHMlM0ElMkYlMkZ3d3cuZ29vZ2xlLmNvbSUyRm1hcHMlMkZlbWJlZCUzRnBiJTNEJTIxMW0xNCUyMTFtOCUyMTFtMyUyMTFkNTU2Ny4zMzExNTIzMDUyMSUyMTJkNC44MzUwMzMlMjEzZDQ1Ljc1Nzg1JTIxM20yJTIxMWkxMDI0JTIxMmk3NjglMjE0ZjEzLjElMjEzbTMlMjExbTIlMjExczB4NDdmNGVhNTE2YWY1ODQ5MSUyNTNBMHg0YjdjZjcwZDBlNGM0OTUxJTIxMnMzJTJCUnVlJTJCZGUlMkJsYSUyQkJhcnJlJTI1MkMlMkI2OTAwMiUyQkx5b24lMjUyQyUyQkZyYW5jZSUyMTVlMCUyMTNtMiUyMTFzZnIlMjEyc2ZyJTIxNHYxNDU2ODU0NDcyODYzJTIyJTIwd2lkdGglM0QlMjI2MDAlMjIlMjBoZWlnaHQlM0QlMjI0NTAlMjIlMjBmcmFtZWJvcmRlciUzRCUyMjAlMjIlMjBzdHlsZSUzRCUyMmJvcmRlciUzQTAlMjIlMjBhbGxvd2Z1bGxzY3JlZW4lM0UlM0MlMkZpZnJhbWUlM0U=&#8221;][\/vc_column_inner][vc_column_inner width=&#8221;1\/2&#8243;][\/vc_column_inner][\/vc_row_inner][\/vc_column][\/vc_row]","jetpack-related-posts":[],"_links":{"self":[{"href":"https:\/\/www.granitrh.com\/en\/wp-json\/wp\/v2\/pages\/122371"}],"collection":[{"href":"https:\/\/www.granitrh.com\/en\/wp-json\/wp\/v2\/pages"}],"about":[{"href":"https:\/\/www.granitrh.com\/en\/wp-json\/wp\/v2\/types\/page"}],"author":[{"embeddable":true,"href":"https:\/\/www.granitrh.com\/en\/wp-json\/wp\/v2\/users\/1"}],"replies":[{"embeddable":true,"href":"https:\/\/www.granitrh.com\/en\/wp-json\/wp\/v2\/comments?post=122371"}],"version-history":[{"count":3,"href":"https:\/\/www.granitrh.com\/en\/wp-json\/wp\/v2\/pages\/122371\/revisions"}],"predecessor-version":[{"id":122374,"href":"https:\/\/www.granitrh.com\/en\/wp-json\/wp\/v2\/pages\/122371\/revisions\/122374"}],"up":[{"embeddable":true,"href":"https:\/\/www.granitrh.com\/en\/wp-json\/wp\/v2\/pages\/122277"}],"wp:featuredmedia":[{"embeddable":true,"href":"https:\/\/www.granitrh.com\/en\/wp-json\/wp\/v2\/media\/120249"}],"wp:attachment":[{"href":"https:\/\/www.granitrh.com\/en\/wp-json\/wp\/v2\/media?parent=122371"}],"curies":[{"name":"wp","href":"https:\/\/api.w.org\/{rel}","templated":true}]}}